{"id":101,"date":"2022-02-21T21:47:27","date_gmt":"2022-02-21T21:47:27","guid":{"rendered":"https:\/\/event.lemondog.online\/?page_id=101"},"modified":"2024-07-30T09:12:22","modified_gmt":"2024-07-30T09:12:22","slug":"location","status":"publish","type":"page","link":"https:\/\/eventstage.at\/krems\/location","title":{"rendered":"Location"},"content":{"rendered":"<section class=\"l-section wpb_row height_medium\"><div class=\"l-section-overlay\" style=\"background:var(--color-header-middle-bg)\"><\/div><div class=\"l-section-h i-cf\"><div class=\"g-cols vc_row via_grid cols_1 laptops-cols_inherit tablets-cols_inherit mobiles-cols_1 valign_top type_default stacking_default\"><div class=\"wpb_column vc_column_container us_custom_60e9caca us_animate_this\"><div class=\"vc_column-inner\"><div class=\"g-cols wpb_row via_grid cols_1-3 laptops-cols_inherit tablets-cols_inherit mobiles-cols_1 valign_top type_default stacking_default\" style=\"--gap:3rem;\"><div class=\"wpb_column vc_column_container\"><div class=\"vc_column-inner\"><h1 class=\"w-text us_custom_d5879d18\"><span class=\"w-text-h\"><span class=\"w-text-value\">Location<\/span><\/span><\/h1><\/div><\/div><div class=\"wpb_column vc_column_container\"><div class=\"vc_column-inner\"><\/div><\/div><\/div><div class=\"w-separator size_medium\"><\/div><div class=\"wpb_text_column\"><div class=\"wpb_wrapper\"><p><span class=\"CMS_FLIESSTEXT\">Die\u00a0<em><strong>Eventstage | Veranstaltungszentrum Ost Krems<\/strong><\/em> wurde als moderne und multifunktionale Eventhalle konzipiert. Technisch sind wir auf dem neuesten, modernsten sowie h\u00f6chsten Standard. Unsere R\u00e4umlichkeiten \u00fcberzeugen mit gro\u00dfer Flexibilit\u00e4t.<\/span><\/p>\n<p><span class=\"CMS_FLIESSTEXT\">Die Location kann mittels eines Vorhangsystems, zahlreichen mobilen Bars, DJ Pulten sowie Podesten z\u00fcgig in verschiedenste B\u00fchnensituationen umgebaut werden. Es besteht die M\u00f6glichkeit von mehreren Stage-Positionen abwechslungsreich spielen und vortragen zu k\u00f6nnen.<\/span><\/p>\n<p><span class=\"CMS_FLIESSTEXT\">Perfekt f\u00fcr alle Arten von Veranstaltungen: Von Konzerten, Kabaretts, B\u00e4llen, Firmen Pr\u00e4sentationen, Messen, Ausstellungen, Society Events bis hin zu Clubbings und vielen weiteren Events.<\/span><\/p>\n<p><span class=\"CMS_FLIESSTEXT\">Unser Fokus liegt definitiv auf professionellen und abwechslungsreichen Veranstaltungen aller Art.<br \/>\n<em>Wir freuen uns auf Ihre Anfrage!<\/em><\/span><\/p>\n<\/div><\/div><\/div><\/div><\/div><\/div><\/section><section class=\"l-section wpb_row height_medium\"><div class=\"l-section-overlay\" style=\"background:var(--color-header-middle-bg)\"><\/div><div class=\"l-section-h i-cf\"><div class=\"g-cols vc_row via_grid cols_2 laptops-cols_inherit tablets-cols_inherit mobiles-cols_1 valign_top type_default stacking_default\"><div class=\"wpb_column vc_column_container us_custom_6eef1e9e us_animate_this\"><div class=\"vc_column-inner\"><div class=\"wpb_text_column us_custom_301b101a loc1\"><div class=\"wpb_wrapper\"><h3>Perfekt f\u00fcr:<\/h3>\n<ul>\n<li>Konzerten<\/li>\n<li>Kabaretts<\/li>\n<li>Clubbings<\/li>\n<li>B\u00e4lle<\/li>\n<li>Firmen Veranstaltungen<\/li>\n<li>Messen und Ausstellungen<\/li>\n<li>Produktpr\u00e4sentationen<\/li>\n<li>Tanz Veranstaltungen<\/li>\n<li>Society Events<\/li>\n<\/ul>\n<\/div><\/div><\/div><\/div><div class=\"wpb_column vc_column_container us_custom_3683a75f us_animate_this\"><div class=\"vc_column-inner\"><div class=\"wpb_text_column us_custom_301b101a loc2\"><div class=\"wpb_wrapper\"><h3>Perfekt weil:<\/h3>\n<ul>\n<li>gr\u00f6\u00dftm\u00f6gliche Flexibilit\u00e4t<\/li>\n<li>modernste technische Ausstattung<\/li>\n<li>g\u00fcnstiger Standort direkt an der S5<\/li>\n<li>Parkpl\u00e4tze direkt vor dem Haus<\/li>\n<li>professionelle Abwicklung<\/li>\n<li>geschultes und fachkundiges Team<\/li>\n<li>verschiedene B\u00fchnensituationen<\/li>\n<li>flexibler B\u00fchnenbereich<\/li>\n<li>mobile Bars und DJ-Pulte<\/li>\n<li>moderne Screens und Leinw\u00e4nde<\/li>\n<li>G\u00e4ste-Garderobensystem<\/li>\n<li>Event- und Werbenetzwerk<\/li>\n<\/ul>\n<\/div><\/div><\/div><\/div><\/div><\/div><\/section><section class=\"l-section wpb_row height_medium\" id=\"Raumkonzepte\"><div class=\"l-section-overlay\" style=\"background:var(--color-header-middle-bg)\"><\/div><div class=\"l-section-h i-cf\"><div class=\"g-cols vc_row via_grid cols_1 laptops-cols_inherit tablets-cols_inherit mobiles-cols_1 valign_top type_default stacking_default\"><div class=\"wpb_column vc_column_container us_custom_6eef1e9e us_animate_this\"><div class=\"vc_column-inner\"><div class=\"g-cols wpb_row via_grid cols_2 laptops-cols_inherit tablets-cols_inherit mobiles-cols_1 valign_top type_default stacking_default\" style=\"--gap:3rem;\"><div class=\"wpb_column vc_column_container\"><div class=\"vc_column-inner\"><h1 class=\"w-text us_custom_d5879d18\"><span class=\"w-text-h\"><span class=\"w-text-value\">RAUM\u00adKONZEPTE<\/span><\/span><\/h1><\/div><\/div><div class=\"wpb_column vc_column_container\"><div class=\"vc_column-inner\"><\/div><\/div><\/div><div class=\"w-separator size_medium\"><\/div><div class=\"g-cols wpb_row via_grid cols_2-1 laptops-cols_inherit tablets-cols_inherit mobiles-cols_1 valign_top type_default stacking_default\" style=\"--gap:3rem;\"><div class=\"wpb_column vc_column_container\"><div class=\"vc_column-inner\"><div class=\"wpb_text_column\"><div class=\"wpb_wrapper\"><p><span class=\"CMS_FLIESSTEXT\">Die Eventstage Krems \u00fcberzeugt mit gro\u00dfer Flexibilit\u00e4t. Die Haupt-Location kann mittels eines Schiebevorhangs, mobilen Bars, DJ-Pulten, sowie Podesten z\u00fcgig in verschiedenste B\u00fchnensituationen umgebaut werden. Es besteht die M\u00f6glichkeit, von mehreren Stage-Positionen abwechslungsreich spielen und vortragen zu k\u00f6nnen.<\/span><\/p>\n<\/div><\/div><\/div><\/div><div class=\"wpb_column vc_column_container\"><div class=\"vc_column-inner\"><div class=\"w-btn-wrapper align_none\"><a class=\"w-btn us-btn-style_1\" target=\"_blank\" rel=\"nofollow\" href=\"\/krems\/wp-content\/uploads\/2022\/02\/eventstage_location.pdf\"><span class=\"w-btn-label\">Download Location-Plan<\/span><\/a><\/div><\/div><\/div><\/div><\/div><\/div><\/div><\/div><\/section><section class=\"l-section wpb_row height_medium\"><div class=\"l-section-overlay\" style=\"background:var(--color-header-middle-bg)\"><\/div><div class=\"l-section-h i-cf\"><div class=\"g-cols vc_row via_grid cols_3 laptops-cols_inherit tablets-cols_inherit mobiles-cols_1 valign_top type_default stacking_default\"><div class=\"wpb_column vc_column_container us_custom_f70d789f us_animate_this\"><div class=\"vc_column-inner\"><div class=\"wpb_text_column us_custom_301b101a loc1\"><div class=\"wpb_wrapper\"><h3>Gro\u00dfe|Stage<\/h3>\n<p>Die gro\u00dfe Stage ist das Herzst\u00fcck der Eventstage. Die beeindruckende Main|Stage ist f\u00fcr alle Arten von Veranstaltungen geeignet &#8211; von gro\u00dfen LIVE-Konzerten, Kabaretts, B\u00e4llen, Messen, Ausstellungen bis hin zu Clubbings. Technisch sind wir auf dem neuesten, sowie h\u00f6chsten Standard der Technik. Im Technik-Rider finden Sie unsere Equipment-Ausstattung. Infos folgen.<\/p>\n<ul>\n<li>Konzerte<\/li>\n<li>Kabarett<\/li>\n<li>Clubbings<\/li>\n<li>B\u00e4lle<\/li>\n<li>Firmen Veranstaltungen<\/li>\n<li>Messen<\/li>\n<\/ul>\n<p>f\u00fcr 1200 PAX<\/p>\n<\/div><\/div><\/div><\/div><div class=\"wpb_column vc_column_container us_custom_3683a75f us_animate_this\"><div class=\"vc_column-inner\"><div class=\"wpb_text_column us_custom_301b101a loc1\"><div class=\"wpb_wrapper\"><h3>Kleine|Stage<\/h3>\n<p>Die &#8220;Kleine|Stage&#8221; wird mittels eines Vorhangsystems von der gro\u00dfen Stage abgetrennt. Mittels B\u00fchnen Podesten und zahlreichen mobilen Bars sowie DJ-Pulten k\u00f6nnen unterschiedliche B\u00fchnensituationen geschaffen werden.<\/p>\n<p>Sie ist f\u00fcr kleine Live-Bands, Kabaretts, Firmen Veranstaltungen ausgelegt.<\/p>\n<ul>\n<li>Kleine Konzerte<\/li>\n<li>Kabarett<\/li>\n<li>Partys<\/li>\n<li>Firmen Veranstaltungen<\/li>\n<\/ul>\n<p>f\u00fcr 450 PAX<\/p>\n<\/div><\/div><\/div><\/div><div class=\"wpb_column vc_column_container us_custom_1fb8b2dc us_animate_this\"><div class=\"vc_column-inner\"><div class=\"wpb_text_column us_custom_301b101a loc1\"><div class=\"wpb_wrapper\"><h3>Live|Stage<\/h3>\n<p>Die Live|Stage wurde f\u00fcr Konzerte f\u00fcr maximal 450 PAX entwickelt. Sie bietet optimalen Platz f\u00fcr Ihre Darbietungen im LIVE Segment, ob Gesang, Konzerte, kleine Bands oder Kabaretts. Es bietet f\u00fcr viele Veranstaltungen die optimale Basis. Sie wird mittels eines Vorhangsystems von der gro\u00dfen Stage abgetrennt.<\/p>\n<ul>\n<li>Gesang Konzerte<\/li>\n<li>Kleine Bands<\/li>\n<li>Kabarett<\/li>\n<\/ul>\n<p>f\u00fcr 450 PAX<\/p>\n<\/div><\/div><\/div><\/div><\/div><\/div><\/section><section class=\"l-section wpb_row height_medium\"><div class=\"l-section-overlay\" style=\"background:var(--color-header-middle-bg)\"><\/div><div class=\"l-section-h i-cf\"><div class=\"g-cols vc_row via_grid cols_3 laptops-cols_inherit tablets-cols_inherit mobiles-cols_1 valign_top type_default stacking_default\"><div class=\"wpb_column vc_column_container us_custom_f70d789f us_animate_this\"><div class=\"vc_column-inner\"><div class=\"wpb_text_column us_custom_301b101a loc1\"><div class=\"wpb_wrapper\"><h3>VIP-Bereiche<\/h3>\n<p>Es gibt zwei exklusiv buchbare VIP-Bereiche!<br \/>\nAnfragen sind bei den jeweiligen Veranstaltern m\u00f6glich.<\/p>\n<p><strong>Back|Stage Area<\/strong><br \/>\n4 Areas f\u00fcr je 6-8 Personen mit eigenem K\u00fchlschrank gef\u00fcllt mit zahlreichen Getr\u00e4nken!<\/p>\n<p><strong>DJ Area<\/strong><br \/>\nHinter dem DJ gibt es zahlreiche VIP M\u00f6glichkeiten zu buchen.<\/p>\n<\/div><\/div><\/div><\/div><div class=\"wpb_column vc_column_container us_custom_3683a75f us_animate_this\"><div class=\"vc_column-inner\"><div class=\"wpb_text_column us_custom_301b101a loc1\"><div class=\"wpb_wrapper\"><h3>Garderobe<\/h3>\n<p>Unsere neue Garderobe bietet Platz f\u00fcr mehr als 900 Personen.<\/p>\n<\/div><\/div><\/div><\/div><div class=\"wpb_column vc_column_container us_custom_1fb8b2dc us_animate_this\"><div class=\"vc_column-inner\"><\/div><\/div><\/div><\/div><\/section><section class=\"l-section wpb_row height_medium\" id=\"Technik\"><div class=\"l-section-overlay\" style=\"background:var(--color-header-middle-bg)\"><\/div><div class=\"l-section-h i-cf\"><div class=\"g-cols vc_row via_grid cols_1 laptops-cols_inherit tablets-cols_inherit mobiles-cols_1 valign_top type_default stacking_default\"><div class=\"wpb_column vc_column_container us_custom_6eef1e9e us_animate_this\"><div class=\"vc_column-inner\"><div class=\"g-cols wpb_row via_grid cols_2 laptops-cols_inherit tablets-cols_inherit mobiles-cols_1 valign_top type_default stacking_default\" style=\"--gap:3rem;\"><div class=\"wpb_column vc_column_container\"><div class=\"vc_column-inner\"><h1 class=\"w-text us_custom_d5879d18\"><span class=\"w-text-h\"><span class=\"w-text-value\">Technik verbindet<\/span><\/span><\/h1><\/div><\/div><div class=\"wpb_column vc_column_container\"><div class=\"vc_column-inner\"><\/div><\/div><\/div><div class=\"w-separator size_medium\"><\/div><div class=\"g-cols wpb_row via_grid cols_2-1 laptops-cols_inherit tablets-cols_inherit mobiles-cols_1 valign_top type_default stacking_default\" style=\"--gap:3rem;\"><div class=\"wpb_column vc_column_container\"><div class=\"vc_column-inner\"><div class=\"wpb_text_column\"><div class=\"wpb_wrapper\"><p><span class=\"CMS_FLIESSTEXT\">Die hochqualitative Technikausstattung unserer Veranstaltungsr\u00e4ume erlaubt es Ihnen, Ihre Message auf stilvolle Weise zu \u00fcbermitteln!<\/span><\/p>\n<p><span class=\"CMS_FLIESSTEXT\">Das Soundsystem von \u201eMeyer Sound\u201c, bestehend aus 2&#215;5 Line-Arrays und 3&#215;18&#8243; Subwoofer, liefert kristallklaren Sound in brillanter Qualit\u00e4t. Die technische Ausstattung unserer Eventstage ist in allen Bereichen \u2013 Projektion, Visuals, Licht und Sound \u2013 auf dem neuesten Stand und erf\u00fcllt alle W\u00fcnsche. Je nach Veranstaltungs-Bedarf kann die Technik nat\u00fcrlich aufger\u00fcstet werden.<\/span><\/p>\n<\/div><\/div><\/div><\/div><div class=\"wpb_column vc_column_container\"><div class=\"vc_column-inner\"><div class=\"w-btn-wrapper align_none\"><a class=\"w-btn us-btn-style_1\" target=\"_blank\" rel=\"nofollow\" href=\"\/krems\/wp-content\/uploads\/2022\/02\/eventstage_techrider_v1.pdf\"><span class=\"w-btn-label\">Download Technical-Rider<\/span><\/a><\/div><\/div><\/div><\/div><\/div><\/div><\/div><\/div><\/section><section class=\"l-section wpb_row height_medium\"><div class=\"l-section-overlay\" style=\"background:var(--color-header-middle-bg)\"><\/div><div class=\"l-section-h i-cf\"><div class=\"g-cols vc_row via_grid cols_1 laptops-cols_inherit tablets-cols_inherit mobiles-cols_1 valign_top type_default stacking_default\"><div class=\"wpb_column vc_column_container us_custom_6eef1e9e us_animate_this\"><div class=\"vc_column-inner\"><div class=\"wpb_text_column us_custom_301b101a loc1\"><div class=\"wpb_wrapper\"><h3>AUSSTATTUNG\/MOBILIAR<\/h3>\n<p>Unsere Eventstage \u00fcberzeugt durch ihre State-of-the-Art-Ausstattung: Ein gestyltes Ambiente in elegantem Design, das Ihre Kunden, Partner und Mitarbeiter bestimmt zum Staunen bringen wird.<\/p>\n<p>Das Veranstaltungszentrum Ost verf\u00fcgt neben der technischen Ausstattung auch \u00fcber eine Reihe an hauseigenem mietbaren Eventmobiliar:<\/p>\n<ul>\n<li>Mobile Bars<\/li>\n<li>Mobiles DJ Pult<\/li>\n<li>Stehtische<\/li>\n<li>Bestuhlung<\/li>\n<li>Podeste<\/li>\n<li>Erweiterbare Konzertb\u00fchne<\/li>\n<\/ul>\n<\/div><\/div><\/div><\/div><\/div><\/div><\/section>\n","protected":false},"excerpt":{"rendered":"LocationDie\u00a0Eventstage | Veranstaltungszentrum Ost Krems wurde als moderne und multifunktionale Eventhalle konzipiert. Technisch sind wir auf dem neuesten, modernsten sowie h\u00f6chsten Standard. Unsere R\u00e4umlichkeiten \u00fcberzeugen mit gro\u00dfer Flexibilit\u00e4t. Die Location kann mittels eines Vorhangsystems, zahlreichen mobilen Bars, DJ Pulten sowie Podesten z\u00fcgig in verschiedenste B\u00fchnensituationen umgebaut werden. Es besteht die M\u00f6glichkeit von mehreren Stage-Positionen abwechslungsreich...","protected":false},"author":1,"featured_media":0,"parent":0,"menu_order":0,"comment_status":"closed","ping_status":"closed","template":"","meta":{"_acf_changed":false,"footnotes":""},"class_list":["post-101","page","type-page","status-publish","hentry"],"acf":[],"publishpress_future_action":{"enabled":false,"date":"2026-04-11 05:16:16","action":"change-status","newStatus":"private","terms":[],"taxonomy":""},"_links":{"self":[{"href":"https:\/\/eventstage.at\/krems\/wp-json\/wp\/v2\/pages\/101"}],"collection":[{"href":"https:\/\/eventstage.at\/krems\/wp-json\/wp\/v2\/pages"}],"about":[{"href":"https:\/\/eventstage.at\/krems\/wp-json\/wp\/v2\/types\/page"}],"author":[{"embeddable":true,"href":"https:\/\/eventstage.at\/krems\/wp-json\/wp\/v2\/users\/1"}],"replies":[{"embeddable":true,"href":"https:\/\/eventstage.at\/krems\/wp-json\/wp\/v2\/comments?post=101"}],"version-history":[{"count":27,"href":"https:\/\/eventstage.at\/krems\/wp-json\/wp\/v2\/pages\/101\/revisions"}],"predecessor-version":[{"id":18551,"href":"https:\/\/eventstage.at\/krems\/wp-json\/wp\/v2\/pages\/101\/revisions\/18551"}],"wp:attachment":[{"href":"https:\/\/eventstage.at\/krems\/wp-json\/wp\/v2\/media?parent=101"}],"curies":[{"name":"wp","href":"https:\/\/api.w.org\/{rel}","templated":true}]}}