{"id":115,"date":"2022-02-21T22:04:31","date_gmt":"2022-02-21T22:04:31","guid":{"rendered":"https:\/\/event.lemondog.online\/?page_id=115"},"modified":"2024-01-16T08:19:44","modified_gmt":"2024-01-16T08:19:44","slug":"impressum","status":"publish","type":"page","link":"https:\/\/eventstage.at\/krems\/impressum","title":{"rendered":"Impressum"},"content":{"rendered":"<section class=\"l-section wpb_row us_custom_057801f8 height_medium\"><div class=\"l-section-h i-cf\"><div class=\"g-cols vc_row via_grid cols_1 laptops-cols_inherit tablets-cols_inherit mobiles-cols_1 valign_top type_default stacking_default\"><div class=\"wpb_column vc_column_container\"><div class=\"vc_column-inner\"><div class=\"g-cols wpb_row via_grid cols_2-1 laptops-cols_inherit tablets-cols_inherit mobiles-cols_1 valign_top type_default stacking_default\" style=\"--gap:3rem;\"><div class=\"wpb_column vc_column_container\"><div class=\"vc_column-inner\"><h1 class=\"w-text us_custom_d5879d18\"><span class=\"w-text-h\"><span class=\"w-text-value\">Impressum<\/span><\/span><\/h1><\/div><\/div><div class=\"wpb_column vc_column_container\"><div class=\"vc_column-inner\"><\/div><\/div><\/div><div class=\"w-separator size_medium\"><\/div><div class=\"wpb_text_column\"><div class=\"wpb_wrapper\"><p><span class=\"CMS_FLIESSTEXT\"><strong>Eventstage | Veranstaltungszentrum Ost &#8211; Krems<\/strong><br \/>\nGewerbeparkstra\u00dfe 22<br \/>\n3500 Krems an der Donau, \u00d6sterreich<\/span><\/p>\n<p>Aigner Gastro GmbH<br \/>\nS\u00fcdtiroler Platz 2\/1<br \/>\n3500 Krems<\/p>\n<p><a href=\"mailto:office@eventstage.at\">office@eventstage.at<\/a><\/p>\n<p>Firmenbuch: FN 560045 x LG Krems<br \/>\nSitz der Gesellschaft: Krems an der Donau<br \/>\nATU77031917<\/p>\n<p><strong><span class=\"CMS_FLIESSTEXT\">Haftungshinweis <\/span><\/strong><br \/>\n<span class=\"CMS_FLIESSTEXT\">Wir sind bestrebt, unser Webangebot aktuell, inhaltlich richtig und vollst\u00e4ndig anzubieten. Das Auftreten von Fehlern kann dennoch nicht ausgeschlossen werden. Wir \u00fcbernehmen keine Haftung f\u00fcr die Aktualit\u00e4t, den Inhalt und die Vollst\u00e4ndigkeit der in ihrem Webangebot bereitgestellten Informationen. Wir distanzieren uns ausdr\u00fccklich von allen Inhalten aller gelinkten Seiten auf unserer Homepage und machen uns diese Inhalte nicht zu eigen. Diese Erkl\u00e4rung gilt f\u00fcr alle auf dieser Website angebrachten Links.<\/span><\/p>\n<p><strong><span class=\"CMS_FLIESSTEXT\">Copyright <\/span><\/strong><br \/>\n<span class=\"CMS_FLIESSTEXT\">Inhalt und Struktur dieser Website sind urheberrechtlich gesch\u00fctzt. Die Vervielf\u00e4ltigung von Informationen oder Daten, die Verwendung von Texten, Textteilen oder Bildmaterial bedarf unserer vorherigen Zustimmung.<\/span><\/p>\n<\/div><\/div><\/div><\/div><\/div><\/div><\/section>\n","protected":false},"excerpt":{"rendered":"ImpressumEventstage | Veranstaltungszentrum Ost &#8211; Krems Gewerbeparkstra\u00dfe 22 3500 Krems an der Donau, \u00d6sterreich Aigner Gastro GmbH S\u00fcdtiroler Platz 2\/1 3500 Krems office@eventstage.at Firmenbuch: FN 560045 x LG Krems Sitz der Gesellschaft: Krems an der Donau ATU77031917 Haftungshinweis Wir sind bestrebt, unser Webangebot aktuell, inhaltlich richtig und vollst\u00e4ndig anzubieten. Das Auftreten von Fehlern kann dennoch...","protected":false},"author":1,"featured_media":0,"parent":0,"menu_order":0,"comment_status":"closed","ping_status":"closed","template":"","meta":{"_acf_changed":false,"footnotes":""},"class_list":["post-115","page","type-page","status-publish","hentry"],"acf":[],"publishpress_future_action":{"enabled":false,"date":"2026-04-11 06:38:34","action":"change-status","newStatus":"private","terms":[],"taxonomy":""},"_links":{"self":[{"href":"https:\/\/eventstage.at\/krems\/wp-json\/wp\/v2\/pages\/115"}],"collection":[{"href":"https:\/\/eventstage.at\/krems\/wp-json\/wp\/v2\/pages"}],"about":[{"href":"https:\/\/eventstage.at\/krems\/wp-json\/wp\/v2\/types\/page"}],"author":[{"embeddable":true,"href":"https:\/\/eventstage.at\/krems\/wp-json\/wp\/v2\/users\/1"}],"replies":[{"embeddable":true,"href":"https:\/\/eventstage.at\/krems\/wp-json\/wp\/v2\/comments?post=115"}],"version-history":[{"count":7,"href":"https:\/\/eventstage.at\/krems\/wp-json\/wp\/v2\/pages\/115\/revisions"}],"predecessor-version":[{"id":14478,"href":"https:\/\/eventstage.at\/krems\/wp-json\/wp\/v2\/pages\/115\/revisions\/14478"}],"wp:attachment":[{"href":"https:\/\/eventstage.at\/krems\/wp-json\/wp\/v2\/media?parent=115"}],"curies":[{"name":"wp","href":"https:\/\/api.w.org\/{rel}","templated":true}]}}