{"id":241,"date":"2022-03-30T14:14:46","date_gmt":"2022-03-30T14:14:46","guid":{"rendered":"https:\/\/event.lemondog.online\/?page_id=241"},"modified":"2024-09-25T10:01:09","modified_gmt":"2024-09-25T10:01:09","slug":"galerie","status":"publish","type":"page","link":"https:\/\/eventstage.at\/krems\/galerie","title":{"rendered":"Galerie"},"content":{"rendered":"<section class=\"l-section wpb_row us_custom_1eed4751 height_medium full_height valign_center\"><div class=\"l-section-h i-cf\"><div class=\"g-cols vc_row via_grid cols_1 laptops-cols_inherit tablets-cols_inherit mobiles-cols_1 valign_middle type_default stacking_default\"><div class=\"wpb_column vc_column_container\"><div class=\"vc_column-inner\"><div class=\"g-cols wpb_row via_grid cols_1-3 laptops-cols_inherit tablets-cols_inherit mobiles-cols_1 valign_top type_default stacking_default\" style=\"--gap:3rem;\"><div class=\"wpb_column vc_column_container us_custom_7e20fa79 us_animate_this\"><div class=\"vc_column-inner\"><h1 class=\"w-text us_custom_487d7a8d\"><span class=\"w-text-h\"><span class=\"w-text-value\">FOTOS<\/span><\/span><\/h1><\/div><\/div><div class=\"wpb_column vc_column_container\"><div class=\"vc_column-inner\"><\/div><\/div><\/div><div class=\"w-separator size_medium\"><\/div><div class=\"w-grid type_grid layout_245 cols_3 valign_center\" id=\"us_grid_1\" style=\"--gap:1rem;\" data-filterable=\"true\"><style>@media (max-width:1024px){#us_grid_1 .w-grid-item{width:50%}}@media (max-width:600px){#us_grid_1 .w-grid-list{margin:0}#us_grid_1 .w-grid-item{width:100%;padding:0;margin-bottom:var(--gap,0px)}}.layout_245 .w-grid-item-h{}.layout_245 .usg_post_image_1{margin-bottom:15px!important}.layout_245 .usg_post_title_1{font-weight:700!important;font-size:20px!important;padding-bottom:10px!important}.layout_245 .usg_vwrapper_1{background:var(--color-content-primary)!important}<\/style><div class=\"w-grid-list\">\t<article class=\"w-grid-item size_1x1 post-27418 post type-post status-publish format-standard has-post-thumbnail hentry category-fotos\" data-id=\"27418\">\r\n\t\t<div class=\"w-grid-item-h\">\r\n\t\t\t\t\t\t<div class=\"w-vwrapper usg_vwrapper_1 align_none valign_top\"><div class=\"w-post-elm post_image usg_post_image_1 has_ratio\"><a href=\"https:\/\/eventstage.at\/krems\/24-05-ball-der-hakhas-krems-hak-vegas\" aria-label=\"24.05. &#8211; Ball der HAK|HAS Krems &#8211; HAK VEGAS\"><img loading=\"lazy\" decoding=\"async\" width=\"3000\" height=\"2000\" src=\"https:\/\/eventstage.at\/krems\/wp-content\/uploads\/2025\/05\/HakBall2025-65.jpg\" class=\"attachment-full size-full wp-post-image\" alt=\"\" \/><\/a><div style=\"padding-bottom:56.25%\"><\/div><\/div><h2 class=\"w-post-elm post_title usg_post_title_1 align_center entry-title color_link_inherit\"><a href=\"https:\/\/eventstage.at\/krems\/24-05-ball-der-hakhas-krems-hak-vegas\">24.05. &#8211; Ball der HAK|HAS Krems &#8211; HAK VEGAS<\/a><\/h2><\/div>\t\t<\/div>\r\n\t\t\t<\/article>\r\n\t<article class=\"w-grid-item size_1x1 post-27121 post type-post status-publish format-standard has-post-thumbnail hentry category-fotos\" data-id=\"27121\">\r\n\t\t<div class=\"w-grid-item-h\">\r\n\t\t\t\t\t\t<div class=\"w-vwrapper usg_vwrapper_1 align_none valign_top\"><div class=\"w-post-elm post_image usg_post_image_1 has_ratio\"><a href=\"https:\/\/eventstage.at\/krems\/23-05-grenzenlos-niederoesterreichs-groesste-inklusions-party\" aria-label=\"23.05. &#8211; GRENZENLOS &#8211; Nieder\u00f6sterreichs gr\u00f6\u00dfte Inklusions-Party\"><img loading=\"lazy\" decoding=\"async\" width=\"1200\" height=\"800\" src=\"https:\/\/eventstage.at\/krems\/wp-content\/uploads\/2025\/05\/02-6-2.jpg\" class=\"attachment-full size-full wp-post-image\" alt=\"\" \/><\/a><div style=\"padding-bottom:56.25%\"><\/div><\/div><h2 class=\"w-post-elm post_title usg_post_title_1 align_center entry-title color_link_inherit\"><a href=\"https:\/\/eventstage.at\/krems\/23-05-grenzenlos-niederoesterreichs-groesste-inklusions-party\">23.05. &#8211; GRENZENLOS &#8211; Nieder\u00f6sterreichs gr\u00f6\u00dfte Inklusions-Party<\/a><\/h2><\/div>\t\t<\/div>\r\n\t\t\t<\/article>\r\n\t<article class=\"w-grid-item size_1x1 post-27051 post type-post status-publish format-standard has-post-thumbnail hentry category-fotos\" data-id=\"27051\">\r\n\t\t<div class=\"w-grid-item-h\">\r\n\t\t\t\t\t\t<div class=\"w-vwrapper usg_vwrapper_1 align_none valign_top\"><div class=\"w-post-elm post_image usg_post_image_1 has_ratio\"><a href=\"https:\/\/eventstage.at\/krems\/17-05-wannabe-2000er-2010er-vol-16\" aria-label=\"17.05. &#8211; Wannabe | 2000er &#038; 2010er [Vol.16]\"><img loading=\"lazy\" decoding=\"async\" width=\"3000\" height=\"2000\" src=\"https:\/\/eventstage.at\/krems\/wp-content\/uploads\/2025\/05\/eventstage-06248.jpg\" class=\"attachment-full size-full wp-post-image\" alt=\"\" \/><\/a><div style=\"padding-bottom:56.25%\"><\/div><\/div><h2 class=\"w-post-elm post_title usg_post_title_1 align_center entry-title color_link_inherit\"><a href=\"https:\/\/eventstage.at\/krems\/17-05-wannabe-2000er-2010er-vol-16\">17.05. &#8211; Wannabe | 2000er &#038; 2010er [Vol.16]<\/a><\/h2><\/div>\t\t<\/div>\r\n\t\t\t<\/article>\r\n\t<article class=\"w-grid-item size_1x1 post-26981 post type-post status-publish format-standard has-post-thumbnail hentry category-fotos\" data-id=\"26981\">\r\n\t\t<div class=\"w-grid-item-h\">\r\n\t\t\t\t\t\t<div class=\"w-vwrapper usg_vwrapper_1 align_none valign_top\"><div class=\"w-post-elm post_image usg_post_image_1 has_ratio\"><a href=\"https:\/\/eventstage.at\/krems\/17-05-mama-time-mama-rockt-die-tanzflaeche\" aria-label=\"17.05. &#8211; MAMA TIME | Mama rockt die Tanzfl\u00e4che\"><img loading=\"lazy\" decoding=\"async\" width=\"3000\" height=\"2000\" src=\"https:\/\/eventstage.at\/krems\/wp-content\/uploads\/2025\/05\/01-11-2.jpg\" class=\"attachment-full size-full wp-post-image\" alt=\"\" \/><\/a><div style=\"padding-bottom:56.25%\"><\/div><\/div><h2 class=\"w-post-elm post_title usg_post_title_1 align_center entry-title color_link_inherit\"><a href=\"https:\/\/eventstage.at\/krems\/17-05-mama-time-mama-rockt-die-tanzflaeche\">17.05. &#8211; MAMA TIME | Mama rockt die Tanzfl\u00e4che<\/a><\/h2><\/div>\t\t<\/div>\r\n\t\t\t<\/article>\r\n\t<article class=\"w-grid-item size_1x1 post-26911 post type-post status-publish format-standard has-post-thumbnail hentry category-fotos\" data-id=\"26911\">\r\n\t\t<div class=\"w-grid-item-h\">\r\n\t\t\t\t\t\t<div class=\"w-vwrapper usg_vwrapper_1 align_none valign_top\"><div class=\"w-post-elm post_image usg_post_image_1 has_ratio\"><a href=\"https:\/\/eventstage.at\/krems\/15-05-ein-donnerstag-wie-damals-\u272a-schlager-fox-superhits\" aria-label=\"15.05. &#8211; Ein Donnerstag wie damals! \u272a Schlager, Fox + Superhits\"><img loading=\"lazy\" decoding=\"async\" width=\"3000\" height=\"2000\" src=\"https:\/\/eventstage.at\/krems\/wp-content\/uploads\/2025\/05\/eventstage-05763.jpg\" class=\"attachment-full size-full wp-post-image\" alt=\"\" \/><\/a><div style=\"padding-bottom:56.25%\"><\/div><\/div><h2 class=\"w-post-elm post_title usg_post_title_1 align_center entry-title color_link_inherit\"><a href=\"https:\/\/eventstage.at\/krems\/15-05-ein-donnerstag-wie-damals-\u272a-schlager-fox-superhits\">15.05. &#8211; Ein Donnerstag wie damals! \u272a Schlager, Fox + Superhits<\/a><\/h2><\/div>\t\t<\/div>\r\n\t\t\t<\/article>\r\n\t<article class=\"w-grid-item size_1x1 post-26809 post type-post status-publish format-standard has-post-thumbnail hentry category-fotos\" data-id=\"26809\">\r\n\t\t<div class=\"w-grid-item-h\">\r\n\t\t\t\t\t\t<div class=\"w-vwrapper usg_vwrapper_1 align_none valign_top\"><div class=\"w-post-elm post_image usg_post_image_1 has_ratio\"><a href=\"https:\/\/eventstage.at\/krems\/10-05-dirty-cash-\ud83d\udcb5-hiphop-ami-rap-deutsch-rap-legendaerer-white-girl-music\" aria-label=\"10.05. &#8211; DIRTY CASH \ud83d\udcb5 &#8211; HipHop (Ami-Rap \/ Deutsch-Rap) &#038; legend\u00e4rer White Girl Music\"><img loading=\"lazy\" decoding=\"async\" width=\"2000\" height=\"1334\" src=\"https:\/\/eventstage.at\/krems\/wp-content\/uploads\/2025\/05\/01-10-1.jpg\" class=\"attachment-full size-full wp-post-image\" alt=\"\" \/><\/a><div style=\"padding-bottom:56.25%\"><\/div><\/div><h2 class=\"w-post-elm post_title usg_post_title_1 align_center entry-title color_link_inherit\"><a href=\"https:\/\/eventstage.at\/krems\/10-05-dirty-cash-\ud83d\udcb5-hiphop-ami-rap-deutsch-rap-legendaerer-white-girl-music\">10.05. &#8211; DIRTY CASH \ud83d\udcb5 &#8211; HipHop (Ami-Rap \/ Deutsch-Rap) &#038; legend\u00e4rer White Girl Music<\/a><\/h2><\/div>\t\t<\/div>\r\n\t\t\t<\/article>\r\n\t<article class=\"w-grid-item size_1x1 post-26729 post type-post status-publish format-standard has-post-thumbnail hentry category-fotos\" data-id=\"26729\">\r\n\t\t<div class=\"w-grid-item-h\">\r\n\t\t\t\t\t\t<div class=\"w-vwrapper usg_vwrapper_1 align_none valign_top\"><div class=\"w-post-elm post_image usg_post_image_1 has_ratio\"><a href=\"https:\/\/eventstage.at\/krems\/03-05-ballermann-party-2025\" aria-label=\"03.05. &#8211; Ballermann Party 2025\"><img loading=\"lazy\" decoding=\"async\" width=\"5098\" height=\"3399\" src=\"https:\/\/eventstage.at\/krems\/wp-content\/uploads\/2025\/05\/01-8-1.jpg\" class=\"attachment-full size-full wp-post-image\" alt=\"\" \/><\/a><div style=\"padding-bottom:56.25%\"><\/div><\/div><h2 class=\"w-post-elm post_title usg_post_title_1 align_center entry-title color_link_inherit\"><a href=\"https:\/\/eventstage.at\/krems\/03-05-ballermann-party-2025\">03.05. &#8211; Ballermann Party 2025<\/a><\/h2><\/div>\t\t<\/div>\r\n\t\t\t<\/article>\r\n\t<article class=\"w-grid-item size_1x1 post-26655 post type-post status-publish format-standard has-post-thumbnail hentry category-fotos\" data-id=\"26655\">\r\n\t\t<div class=\"w-grid-item-h\">\r\n\t\t\t\t\t\t<div class=\"w-vwrapper usg_vwrapper_1 align_none valign_top\"><div class=\"w-post-elm post_image usg_post_image_1 has_ratio\"><a href=\"https:\/\/eventstage.at\/krems\/01-05-ein-donnerstag-wie-damals-rotes-kreuz-krems\" aria-label=\"01.05. &#8211; Ein Donnerstag wie damals! [Rotes Kreuz Krems]\"><img loading=\"lazy\" decoding=\"async\" width=\"3000\" height=\"2000\" src=\"https:\/\/eventstage.at\/krems\/wp-content\/uploads\/2025\/05\/eventstage-05101.jpg\" class=\"attachment-full size-full wp-post-image\" alt=\"\" \/><\/a><div style=\"padding-bottom:56.25%\"><\/div><\/div><h2 class=\"w-post-elm post_title usg_post_title_1 align_center entry-title color_link_inherit\"><a href=\"https:\/\/eventstage.at\/krems\/01-05-ein-donnerstag-wie-damals-rotes-kreuz-krems\">01.05. &#8211; Ein Donnerstag wie damals! [Rotes Kreuz Krems]<\/a><\/h2><\/div>\t\t<\/div>\r\n\t\t\t<\/article>\r\n<\/div><div class=\"w-grid-preloader\">\t<div class=\"g-preloader type_1\">\r\n\t\t<div><\/div>\r\n\t<\/div>\r\n\t<\/div>\t<div class=\"w-grid-json hidden\" onclick='return {&quot;action&quot;:&quot;us_ajax_grid&quot;,&quot;infinite_scroll&quot;:0,&quot;max_num_pages&quot;:1,&quot;pagination&quot;:&quot;none&quot;,&quot;template_vars&quot;:{&quot;columns&quot;:&quot;3&quot;,&quot;exclude_items&quot;:&quot;none&quot;,&quot;img_size&quot;:&quot;default&quot;,&quot;ignore_items_size&quot;:0,&quot;items_layout&quot;:&quot;245&quot;,&quot;items_offset&quot;:&quot;1&quot;,&quot;load_animation&quot;:&quot;none&quot;,&quot;overriding_link&quot;:&quot;%7B%22url%22%3A%22%22%7D&quot;,&quot;post_id&quot;:0,&quot;query_args&quot;:{&quot;post_type&quot;:[&quot;post&quot;],&quot;tax_query&quot;:[{&quot;taxonomy&quot;:&quot;category&quot;,&quot;field&quot;:&quot;slug&quot;,&quot;terms&quot;:[&quot;fotos&quot;]}],&quot;post_status&quot;:[&quot;publish&quot;,&quot;acf-disabled&quot;],&quot;posts_per_page&quot;:&quot;150&quot;},&quot;orderby_query_args&quot;:{&quot;orderby&quot;:{&quot;date&quot;:&quot;DESC&quot;}},&quot;type&quot;:&quot;grid&quot;,&quot;us_grid_post_type&quot;:&quot;post&quot;,&quot;us_grid_ajax_index&quot;:1,&quot;us_grid_filter_query_string&quot;:null,&quot;us_grid_index&quot;:1,&quot;page_args&quot;:[]}}'><\/div>\r\n\t<\/div><\/div><\/div><\/div><\/div><\/section>\n","protected":false},"excerpt":{"rendered":"","protected":false},"author":1,"featured_media":0,"parent":0,"menu_order":0,"comment_status":"closed","ping_status":"closed","template":"","meta":{"_acf_changed":false,"footnotes":""},"class_list":["post-241","page","type-page","status-publish","hentry"],"acf":[],"publishpress_future_action":{"enabled":false,"date":"2026-04-16 01:24:19","action":"change-status","newStatus":"private","terms":[],"taxonomy":""},"_links":{"self":[{"href":"https:\/\/eventstage.at\/krems\/wp-json\/wp\/v2\/pages\/241"}],"collection":[{"href":"https:\/\/eventstage.at\/krems\/wp-json\/wp\/v2\/pages"}],"about":[{"href":"https:\/\/eventstage.at\/krems\/wp-json\/wp\/v2\/types\/page"}],"author":[{"embeddable":true,"href":"https:\/\/eventstage.at\/krems\/wp-json\/wp\/v2\/users\/1"}],"replies":[{"embeddable":true,"href":"https:\/\/eventstage.at\/krems\/wp-json\/wp\/v2\/comments?post=241"}],"version-history":[{"count":10,"href":"https:\/\/eventstage.at\/krems\/wp-json\/wp\/v2\/pages\/241\/revisions"}],"predecessor-version":[{"id":19248,"href":"https:\/\/eventstage.at\/krems\/wp-json\/wp\/v2\/pages\/241\/revisions\/19248"}],"wp:attachment":[{"href":"https:\/\/eventstage.at\/krems\/wp-json\/wp\/v2\/media?parent=241"}],"curies":[{"name":"wp","href":"https:\/\/api.w.org\/{rel}","templated":true}]}}